{"id":288,"date":"2024-09-28T13:15:10","date_gmt":"2024-09-28T13:15:10","guid":{"rendered":"https:\/\/zeroa.com.br\/new\/?page_id=288"},"modified":"2024-10-15T00:45:51","modified_gmt":"2024-10-15T00:45:51","slug":"o-que-fazemos","status":"publish","type":"page","link":"https:\/\/zeroa.com.br\/new\/o-que-fazemos\/","title":{"rendered":"Sobre n\u00f3s"},"content":{"rendered":"\t\t<div data-elementor-type=\"wp-page\" data-elementor-id=\"288\" class=\"elementor elementor-288\" data-elementor-post-type=\"page\">\n\t\t\t\t<div class=\"elementor-element elementor-element-ed2d233 e-flex e-con-boxed e-con e-parent\" data-id=\"ed2d233\" data-element_type=\"container\" data-e-type=\"container\" data-settings=\"{&quot;background_background&quot;:&quot;classic&quot;,&quot;animation_mobile&quot;:&quot;fadeIn&quot;}\">\n\t\t\t\t\t<div class=\"e-con-inner\">\n\t\t\t\t<div class=\"elementor-element elementor-element-5f4e4a4 elementor-widget elementor-widget-heading\" data-id=\"5f4e4a4\" data-element_type=\"widget\" data-e-type=\"widget\" data-widget_type=\"heading.default\">\n\t\t\t\t<div class=\"elementor-widget-container\">\n\t\t\t\t\t<h2 class=\"elementor-heading-title elementor-size-default\">Sobre N\u00f3s<\/h2>\t\t\t\t<\/div>\n\t\t\t\t<\/div>\n\t\t\t\t<div class=\"elementor-element elementor-element-1884236 elementor-widget elementor-widget-text-editor\" data-id=\"1884236\" data-element_type=\"widget\" data-e-type=\"widget\" data-widget_type=\"text-editor.default\">\n\t\t\t\t<div class=\"elementor-widget-container\">\n\t\t\t\t\t\t\t\t\t<p>Somos um est\u00fadio de computa\u00e7\u00e3o gr\u00e1fica que nasceu do desejo de exercitar a arte em IMAGENS e ANIMA\u00c7\u00d5ES. Sediados em Americana\/SP, estamos no mercado desde 2004 e temos demonstrado a cada novo trabalho toda a paix\u00e3o por produzir trabalhos que alcancem sempre novos patamares de qualidade e excedam a expectativa de nossos clientes.<\/p>\n<p>Fornecemos ilustra\u00e7\u00f5es, imagens digitais 3D, anima\u00e7\u00f5es e p\u00f3s-produ\u00e7\u00e3o de efeitos visuais para TV e cinema para ag\u00eancias publicit\u00e1rias, produtoras audio-visuais e empresas que queiram adicionar algo mais a suas produ\u00e7\u00f5es.<\/p>\n<p>Oferecemos um pacote CGI (computa\u00e7\u00e3o gr\u00e1fica) completo, do design conceitual \u00e0 imagem ou anima\u00e7\u00e3o final atrav\u00e9s de um time de profissionais com senso art\u00edstico apurado e conhecimentos t\u00e9cnicos aprimorados dia a dia, aliados a conceitos publicit\u00e1rios e est\u00e9ticos que orientam a aplica\u00e7\u00e3o de cada recurso.<\/p>\n<p>Equipamentos de ponta com softwares de \u00faltima gera\u00e7\u00e3o garantem qualidade e agilidade na produ\u00e7\u00e3o de qualquer imagem e\/ou anima\u00e7\u00e3o em qualquer resolu\u00e7\u00e3o de sa\u00edda, possibilitando novas oportunidades para nossos clientes expandirem sua criatividade.<\/p>\n<p>Imagem a servi\u00e7o da criatividade: essa \u00e9 a nossa ess\u00eancia!<\/p>\t\t\t\t\t\t\t\t<\/div>\n\t\t\t\t<\/div>\n\t\t\t\t<div class=\"elementor-element elementor-element-f4d1e0c elementor-widget elementor-widget-heading\" data-id=\"f4d1e0c\" data-element_type=\"widget\" data-e-type=\"widget\" data-widget_type=\"heading.default\">\n\t\t\t\t<div class=\"elementor-widget-container\">\n\t\t\t\t\t<h2 class=\"elementor-heading-title elementor-size-default\">About Us<\/h2>\t\t\t\t<\/div>\n\t\t\t\t<\/div>\n\t\t\t\t<div class=\"elementor-element elementor-element-de4d5fa elementor-widget elementor-widget-text-editor\" data-id=\"de4d5fa\" data-element_type=\"widget\" data-e-type=\"widget\" data-widget_type=\"text-editor.default\">\n\t\t\t\t<div class=\"elementor-widget-container\">\n\t\t\t\t\t\t\t\t\t<p>We are a studio of computer graphics that was born from the desire to exercise the art using IMAGES and ANIMATIONS. Based in Americana-SP, we are in the market since 2004 and we have shown each new work all the passion for producing work they ever reach new heights of quality and exceed the expectations of our customers.<\/p>\n<p>We provide illustrations, 3D digital images, animation and post-production of visual effects for film and TV to advertising agencies, producing audio-visual and companies that want to add something more to their productions.<\/p>\n<p>We offer a complete CGI (computer graphics) package, from concept design to the final image or animation through a professional team with refined artistic sense and technical knowledge improved day by day, coupled with advertising and aesthetic concepts underlying the implementation of each feature.<\/p>\n<p>Cutting edge equipments with the latest software ensures quality and agility in the production of any image and \/ or animation in any output resolution, enabling new opportunities for our customers to expand their creativity.<\/p>\n<p>Picture the service of creativity: this is our essence!<\/p>\t\t\t\t\t\t\t\t<\/div>\n\t\t\t\t<\/div>\n\t\t\t\t\t<\/div>\n\t\t\t\t<\/div>\n\t\t\t\t<\/div>\n\t\t","protected":false},"excerpt":{"rendered":"<p>Sobre N\u00f3s Somos um est\u00fadio de computa\u00e7\u00e3o gr\u00e1fica que nasceu do desejo de exercitar a arte em IMAGENS e ANIMA\u00c7\u00d5ES. Sediados em Americana\/SP, estamos no mercado desde 2004 e temos demonstrado a cada novo trabalho toda a paix\u00e3o por produzir trabalhos que alcancem sempre novos patamares de qualidade e excedam a expectativa de nossos clientes. [&hellip;]<\/p>\n","protected":false},"author":1,"featured_media":0,"parent":0,"menu_order":0,"comment_status":"closed","ping_status":"closed","template":"","meta":{"_acf_changed":false,"nf_dc_page":"","footnotes":""},"class_list":["post-288","page","type-page","status-publish","hentry"],"acf":[],"yoast_head":"<!-- This site is optimized with the Yoast SEO plugin v27.4 - https:\/\/yoast.com\/product\/yoast-seo-wordpress\/ -->\n<title>Sobre n\u00f3s -<\/title>\n<meta name=\"robots\" content=\"index, follow, max-snippet:-1, max-image-preview:large, max-video-preview:-1\" \/>\n<link rel=\"canonical\" href=\"https:\/\/zeroa.com.br\/new\/o-que-fazemos\/\" \/>\n<meta property=\"og:locale\" content=\"pt_PT\" \/>\n<meta property=\"og:type\" content=\"article\" \/>\n<meta property=\"og:title\" content=\"Sobre n\u00f3s -\" \/>\n<meta property=\"og:description\" content=\"Sobre N\u00f3s Somos um est\u00fadio de computa\u00e7\u00e3o gr\u00e1fica que nasceu do desejo de exercitar a arte em IMAGENS e ANIMA\u00c7\u00d5ES. Sediados em Americana\/SP, estamos no mercado desde 2004 e temos demonstrado a cada novo trabalho toda a paix\u00e3o por produzir trabalhos que alcancem sempre novos patamares de qualidade e excedam a expectativa de nossos clientes. [&hellip;]\" \/>\n<meta property=\"og:url\" content=\"https:\/\/zeroa.com.br\/new\/o-que-fazemos\/\" \/>\n<meta property=\"article:publisher\" content=\"https:\/\/www.facebook.com\/zeroastudio\" \/>\n<meta property=\"article:modified_time\" content=\"2024-10-15T00:45:51+00:00\" \/>\n<meta name=\"twitter:card\" content=\"summary_large_image\" \/>\n<meta name=\"twitter:label1\" content=\"Tempo estimado de leitura\" \/>\n\t<meta name=\"twitter:data1\" content=\"2 minutos\" \/>\n<script type=\"application\/ld+json\" class=\"yoast-schema-graph\">{\"@context\":\"https:\\\/\\\/schema.org\",\"@graph\":[{\"@type\":\"WebPage\",\"@id\":\"https:\\\/\\\/zeroa.com.br\\\/new\\\/o-que-fazemos\\\/\",\"url\":\"https:\\\/\\\/zeroa.com.br\\\/new\\\/o-que-fazemos\\\/\",\"name\":\"Sobre n\u00f3s -\",\"isPartOf\":{\"@id\":\"https:\\\/\\\/zeroa.com.br\\\/new\\\/#website\"},\"datePublished\":\"2024-09-28T13:15:10+00:00\",\"dateModified\":\"2024-10-15T00:45:51+00:00\",\"breadcrumb\":{\"@id\":\"https:\\\/\\\/zeroa.com.br\\\/new\\\/o-que-fazemos\\\/#breadcrumb\"},\"inLanguage\":\"pt-PT\",\"potentialAction\":[{\"@type\":\"ReadAction\",\"target\":[\"https:\\\/\\\/zeroa.com.br\\\/new\\\/o-que-fazemos\\\/\"]}]},{\"@type\":\"BreadcrumbList\",\"@id\":\"https:\\\/\\\/zeroa.com.br\\\/new\\\/o-que-fazemos\\\/#breadcrumb\",\"itemListElement\":[{\"@type\":\"ListItem\",\"position\":1,\"name\":\"Home\",\"item\":\"https:\\\/\\\/zeroa.com.br\\\/new\\\/\"},{\"@type\":\"ListItem\",\"position\":2,\"name\":\"Sobre n\u00f3s\"}]},{\"@type\":\"WebSite\",\"@id\":\"https:\\\/\\\/zeroa.com.br\\\/new\\\/#website\",\"url\":\"https:\\\/\\\/zeroa.com.br\\\/new\\\/\",\"name\":\"Zero A Est\u00fadio Digital\",\"description\":\"\",\"publisher\":{\"@id\":\"https:\\\/\\\/zeroa.com.br\\\/new\\\/#organization\"},\"potentialAction\":[{\"@type\":\"SearchAction\",\"target\":{\"@type\":\"EntryPoint\",\"urlTemplate\":\"https:\\\/\\\/zeroa.com.br\\\/new\\\/?s={search_term_string}\"},\"query-input\":{\"@type\":\"PropertyValueSpecification\",\"valueRequired\":true,\"valueName\":\"search_term_string\"}}],\"inLanguage\":\"pt-PT\"},{\"@type\":\"Organization\",\"@id\":\"https:\\\/\\\/zeroa.com.br\\\/new\\\/#organization\",\"name\":\"Zero A Est\u00fadio Digital\",\"url\":\"https:\\\/\\\/zeroa.com.br\\\/new\\\/\",\"logo\":{\"@type\":\"ImageObject\",\"inLanguage\":\"pt-PT\",\"@id\":\"https:\\\/\\\/zeroa.com.br\\\/new\\\/#\\\/schema\\\/logo\\\/image\\\/\",\"url\":\"https:\\\/\\\/zeroa.com.br\\\/new\\\/wp-content\\\/uploads\\\/2024\\\/09\\\/ZeroA_Profile_Image.jpg\",\"contentUrl\":\"https:\\\/\\\/zeroa.com.br\\\/new\\\/wp-content\\\/uploads\\\/2024\\\/09\\\/ZeroA_Profile_Image.jpg\",\"width\":1080,\"height\":770,\"caption\":\"Zero A Est\u00fadio Digital\"},\"image\":{\"@id\":\"https:\\\/\\\/zeroa.com.br\\\/new\\\/#\\\/schema\\\/logo\\\/image\\\/\"},\"sameAs\":[\"https:\\\/\\\/www.facebook.com\\\/zeroastudio\",\"https:\\\/\\\/www.instagram.com\\\/zeroa_estudio\\\/\"]}]}<\/script>\n<!-- \/ Yoast SEO plugin. -->","yoast_head_json":{"title":"Sobre n\u00f3s -","robots":{"index":"index","follow":"follow","max-snippet":"max-snippet:-1","max-image-preview":"max-image-preview:large","max-video-preview":"max-video-preview:-1"},"canonical":"https:\/\/zeroa.com.br\/new\/o-que-fazemos\/","og_locale":"pt_PT","og_type":"article","og_title":"Sobre n\u00f3s -","og_description":"Sobre N\u00f3s Somos um est\u00fadio de computa\u00e7\u00e3o gr\u00e1fica que nasceu do desejo de exercitar a arte em IMAGENS e ANIMA\u00c7\u00d5ES. Sediados em Americana\/SP, estamos no mercado desde 2004 e temos demonstrado a cada novo trabalho toda a paix\u00e3o por produzir trabalhos que alcancem sempre novos patamares de qualidade e excedam a expectativa de nossos clientes. [&hellip;]","og_url":"https:\/\/zeroa.com.br\/new\/o-que-fazemos\/","article_publisher":"https:\/\/www.facebook.com\/zeroastudio","article_modified_time":"2024-10-15T00:45:51+00:00","twitter_card":"summary_large_image","twitter_misc":{"Tempo estimado de leitura":"2 minutos"},"schema":{"@context":"https:\/\/schema.org","@graph":[{"@type":"WebPage","@id":"https:\/\/zeroa.com.br\/new\/o-que-fazemos\/","url":"https:\/\/zeroa.com.br\/new\/o-que-fazemos\/","name":"Sobre n\u00f3s -","isPartOf":{"@id":"https:\/\/zeroa.com.br\/new\/#website"},"datePublished":"2024-09-28T13:15:10+00:00","dateModified":"2024-10-15T00:45:51+00:00","breadcrumb":{"@id":"https:\/\/zeroa.com.br\/new\/o-que-fazemos\/#breadcrumb"},"inLanguage":"pt-PT","potentialAction":[{"@type":"ReadAction","target":["https:\/\/zeroa.com.br\/new\/o-que-fazemos\/"]}]},{"@type":"BreadcrumbList","@id":"https:\/\/zeroa.com.br\/new\/o-que-fazemos\/#breadcrumb","itemListElement":[{"@type":"ListItem","position":1,"name":"Home","item":"https:\/\/zeroa.com.br\/new\/"},{"@type":"ListItem","position":2,"name":"Sobre n\u00f3s"}]},{"@type":"WebSite","@id":"https:\/\/zeroa.com.br\/new\/#website","url":"https:\/\/zeroa.com.br\/new\/","name":"Zero A Est\u00fadio Digital","description":"","publisher":{"@id":"https:\/\/zeroa.com.br\/new\/#organization"},"potentialAction":[{"@type":"SearchAction","target":{"@type":"EntryPoint","urlTemplate":"https:\/\/zeroa.com.br\/new\/?s={search_term_string}"},"query-input":{"@type":"PropertyValueSpecification","valueRequired":true,"valueName":"search_term_string"}}],"inLanguage":"pt-PT"},{"@type":"Organization","@id":"https:\/\/zeroa.com.br\/new\/#organization","name":"Zero A Est\u00fadio Digital","url":"https:\/\/zeroa.com.br\/new\/","logo":{"@type":"ImageObject","inLanguage":"pt-PT","@id":"https:\/\/zeroa.com.br\/new\/#\/schema\/logo\/image\/","url":"https:\/\/zeroa.com.br\/new\/wp-content\/uploads\/2024\/09\/ZeroA_Profile_Image.jpg","contentUrl":"https:\/\/zeroa.com.br\/new\/wp-content\/uploads\/2024\/09\/ZeroA_Profile_Image.jpg","width":1080,"height":770,"caption":"Zero A Est\u00fadio Digital"},"image":{"@id":"https:\/\/zeroa.com.br\/new\/#\/schema\/logo\/image\/"},"sameAs":["https:\/\/www.facebook.com\/zeroastudio","https:\/\/www.instagram.com\/zeroa_estudio\/"]}]}},"_links":{"self":[{"href":"https:\/\/zeroa.com.br\/new\/wp-json\/wp\/v2\/pages\/288","targetHints":{"allow":["GET"]}}],"collection":[{"href":"https:\/\/zeroa.com.br\/new\/wp-json\/wp\/v2\/pages"}],"about":[{"href":"https:\/\/zeroa.com.br\/new\/wp-json\/wp\/v2\/types\/page"}],"author":[{"embeddable":true,"href":"https:\/\/zeroa.com.br\/new\/wp-json\/wp\/v2\/users\/1"}],"replies":[{"embeddable":true,"href":"https:\/\/zeroa.com.br\/new\/wp-json\/wp\/v2\/comments?post=288"}],"version-history":[{"count":5,"href":"https:\/\/zeroa.com.br\/new\/wp-json\/wp\/v2\/pages\/288\/revisions"}],"predecessor-version":[{"id":2072,"href":"https:\/\/zeroa.com.br\/new\/wp-json\/wp\/v2\/pages\/288\/revisions\/2072"}],"wp:attachment":[{"href":"https:\/\/zeroa.com.br\/new\/wp-json\/wp\/v2\/media?parent=288"}],"curies":[{"name":"wp","href":"https:\/\/api.w.org\/{rel}","templated":true}]}}